{"id":6,"date":"2023-06-28T14:31:56","date_gmt":"2023-06-28T12:31:56","guid":{"rendered":"http:\/\/joca.pl\/index.php\/baza-wiedzy\/"},"modified":"2023-06-28T15:29:55","modified_gmt":"2023-06-28T13:29:55","slug":"baza-wiedzy","status":"publish","type":"page","link":"https:\/\/joca.pl\/","title":{"rendered":"Baza wiedzy"},"content":{"rendered":"\t\t<div id=\"epkb-modular-main-page-container\" role=\"main\" aria-labelledby=\"epkb-modular-main-page-container\" class=\"epkb-css-full-reset eckb_mp_active_theme_iknowledgebase\">\t\t\t\n\t\t\t<div id=\"epkb-ml__row-1\" data-feature=\"search\" class=\"epkb-ml__row\">                \n\t\t<div id=\"epkb-ml__module-search\" class=\"epkb-ml__module \">   \n\t\t\t<!-- Classic Search Layout -->\n\t\t\t<div id=\"epkb-ml-search-classic-layout\">    \t\t<div class=\"epkb-ml-search-title\">Howdy! How can we help you?<\/div>   \t\t\t\t<form id=\"epkb-ml-search-form\" class=\"epkb-ml-search-input-height--large\" method=\"get\" onsubmit=\"return false;\">\n\t\t\t\t<input type=\"hidden\" id=\"epkb_kb_id\" value=\"1\" >\n\n\t\t\t\t<!-- Search Input Box -->\n\t\t\t\t<div id=\"epkb-ml-search-box\">\n\t\t\t\t\t<input class=\"epkb-ml-search-box__input\" type=\"text\" name=\"s\" value=\"\" aria-label=\"Przeszukaj dokumentacj\u0119\"\n\t\t\t\t\t        placeholder=\"Przeszukaj dokumentacj\u0119\" aria-controls=\"epkb-ml-search-results\" >\n\t\t\t\t\t<button class=\"epkb-ml-search-box__btn\" type=\"submit\">\n                        <span class=\"epkb-ml-search-box__text\"> Szukaj<\/span>\n                        <span class=\"epkbfa epkbfa-spinner epkbfa-ml-loading-icon\"><\/span>\n                    <\/button>\n\t\t\t\t<\/div>\n\n\t\t\t\t<!-- Search Results -->\n\t\t\t\t<div id=\"epkb-ml-search-results\" aria-live=\"polite\"><\/div>\n\t\t\t<\/form>\n\t\t<\/div>  \n\t\t<\/div>  \t\t\t<\/div>  \n\t\t\t<div id=\"epkb-ml__row-2\" data-feature=\"categories_articles\" class=\"epkb-ml__row\">                \n\t\t<div id=\"epkb-ml__module-categories-articles\" class=\"epkb-ml__module \">  \n\t\t<div id=\"epkb-ml-categories-layout\" role=\"main\" aria-labelledby=\"epkb-ml-categories-layout\" class=\"epkb-layout-container epkb-css-full-reset epkb-categories-template\">\n\t\t\t<div id=\"epkb-content-container\">\n\t\t\t\t<div class=\"epkb-section-container\">\t\n\t\t<div class=\"epkb-three-col eckb-categories-list\" > \t\t\t\t\t<div class=\"epkb-ml__module-categories-articles__row\">  \n\t\t\t\t<!-- Section Container ( Category Box ) -->\n\t\t\t\t<section id=\"epkb_cat_1\" class=\"no_shadow epkb-top-category-box\"  style=\"border-radius: 4px; border-width: 1px; border-color: #CACACE; background-color: #FEFEFE; border-style: solid;\"  >\n\n\t\t\t\t\t<!-- Section Head -->\n\t\t\t\t\t<div class=\"section-head section_divider\"  style=\"border-bottom-width: 1px; background-color: #FFFFFF; border-top-left-radius: 4px; border-top-right-radius: 4px; border-bottom-color: #FFFFFF; padding-top: 20px; padding-bottom: 20px; padding-left: 20px; padding-right: 20px; padding-left: 10px;\"  >\n\n\t\t\t\t\t\t<!-- Category Name + Icon -->\n\t\t\t\t\t\t<div class=\"epkb-category-level-1 epkb-category-level-1--icon-loc-no_icons epkb-category-level-1--alignment-left\" data-kb-category-id=\"9\" data-kb-type=\"category\"  style=\"color: #ff6900;\"  >\n\n\t\t\t\t\t\t\t<!-- Icon Top \/ Left -->\t                            \t\t\t\t\t\t\t<div class=\"epkb-cat-name\">    \t\t\t\t\t\t\t\t\t<div class=\"epkb-cat-name-count-container\"  style=\"color: #ff6900; font-size:21px;\" >\n\t\t\t\t\t\t\t\t\t\t<h2 class=\"epkb-cat-name\">Tapicerka samochodowa<\/h2>\n\t\t\t\t\t\t\t\t\t\t<span class=\"epkb-cat-count\">0<\/span>\n\t\t\t\t\t\t\t\t\t<\/div> \n\t\t\t\t\t\t\t<\/div>\n\n\t\t\t\t\t\t\t<!-- Icon Right -->     \n\t\t\t\t\t\t<\/div>\n\n\t\t\t\t\t\t<!-- Category Description -->\t\t\t\t\t\t\t\t\t\t\t<\/div>\n\n\t\t\t\t\t<!-- Section Body -->\n\t\t\t\t\t<div class=\"epkb-section-body\"  style=\"border-bottom-width: 1px; padding-top: 4px; padding-bottom: 4px; padding-left: 22px; padding-right: 4px; overflow: auto; height: 130px;\"  >\t\t\t\t\t\t\n\t\t<ul class=\"epkb-main-category epkb-articles\"  style=\"padding-left: 10px;\"  data-list-id=\"9\"> <li class=\"epkb-articles-coming-soon\">Artyku\u0142y nied\u0142ugo pojawi\u0105 si\u0119.<\/li>\n\t\t<\/ul> \n\t\t\t\t\t<\/div><!-- Section Body End -->\n\n\t\t\t\t<\/section><!-- Section End -->  \n\t\t\t\t<!-- Section Container ( Category Box ) -->\n\t\t\t\t<section id=\"epkb_cat_2\" class=\"no_shadow epkb-top-category-box\"  style=\"border-radius: 4px; border-width: 1px; border-color: #CACACE; background-color: #FEFEFE; border-style: solid;\"  >\n\n\t\t\t\t\t<!-- Section Head -->\n\t\t\t\t\t<div class=\"section-head section_divider\"  style=\"border-bottom-width: 1px; background-color: #FFFFFF; border-top-left-radius: 4px; border-top-right-radius: 4px; border-bottom-color: #FFFFFF; padding-top: 20px; padding-bottom: 20px; padding-left: 20px; padding-right: 20px; padding-left: 10px;\"  >\n\n\t\t\t\t\t\t<!-- Category Name + Icon -->\n\t\t\t\t\t\t<div class=\"epkb-category-level-1 epkb-category-level-1--icon-loc-no_icons epkb-category-level-1--alignment-left\" data-kb-category-id=\"7\" data-kb-type=\"category\"  style=\"color: #ff6900;\"  >\n\n\t\t\t\t\t\t\t<!-- Icon Top \/ Left -->\t                            \t\t\t\t\t\t\t<div class=\"epkb-cat-name\">    \t\t\t\t\t\t\t\t\t<div class=\"epkb-cat-name-count-container\"  style=\"color: #ff6900; font-size:21px;\" >\n\t\t\t\t\t\t\t\t\t\t<h2 class=\"epkb-cat-name\">Detailing wn\u0119trza<\/h2>\n\t\t\t\t\t\t\t\t\t\t<span class=\"epkb-cat-count\">0<\/span>\n\t\t\t\t\t\t\t\t\t<\/div> \n\t\t\t\t\t\t\t<\/div>\n\n\t\t\t\t\t\t\t<!-- Icon Right -->     \n\t\t\t\t\t\t<\/div>\n\n\t\t\t\t\t\t<!-- Category Description -->\t\t\t\t\t\t\t\t\t\t\t<\/div>\n\n\t\t\t\t\t<!-- Section Body -->\n\t\t\t\t\t<div class=\"epkb-section-body\"  style=\"border-bottom-width: 1px; padding-top: 4px; padding-bottom: 4px; padding-left: 22px; padding-right: 4px; overflow: auto; height: 130px;\"  >\t\t\t\t\t\t\n\t\t<ul class=\"epkb-main-category epkb-articles\"  style=\"padding-left: 10px;\"  data-list-id=\"7\"> <li class=\"epkb-articles-coming-soon\">Artyku\u0142y nied\u0142ugo pojawi\u0105 si\u0119.<\/li>\n\t\t<\/ul> \n\t\t\t\t\t<\/div><!-- Section Body End -->\n\n\t\t\t\t<\/section><!-- Section End -->  \n\t\t\t\t<!-- Section Container ( Category Box ) -->\n\t\t\t\t<section id=\"epkb_cat_3\" class=\"no_shadow epkb-top-category-box\"  style=\"border-radius: 4px; border-width: 1px; border-color: #CACACE; background-color: #FEFEFE; border-style: solid;\"  >\n\n\t\t\t\t\t<!-- Section Head -->\n\t\t\t\t\t<div class=\"section-head section_divider\"  style=\"border-bottom-width: 1px; background-color: #FFFFFF; border-top-left-radius: 4px; border-top-right-radius: 4px; border-bottom-color: #FFFFFF; padding-top: 20px; padding-bottom: 20px; padding-left: 20px; padding-right: 20px; padding-left: 10px;\"  >\n\n\t\t\t\t\t\t<!-- Category Name + Icon -->\n\t\t\t\t\t\t<div class=\"epkb-category-level-1 epkb-category-level-1--icon-loc-no_icons epkb-category-level-1--alignment-left\" data-kb-category-id=\"2\" data-kb-type=\"category\"  style=\"color: #ff6900;\"  >\n\n\t\t\t\t\t\t\t<!-- Icon Top \/ Left -->\t                            \t\t\t\t\t\t\t<div class=\"epkb-cat-name\">    \t\t\t\t\t\t\t\t\t<div class=\"epkb-cat-name-count-container\"  style=\"color: #ff6900; font-size:21px;\" >\n\t\t\t\t\t\t\t\t\t\t<h2 class=\"epkb-cat-name\">Pierwsze kroki<\/h2>\n\t\t\t\t\t\t\t\t\t\t<span class=\"epkb-cat-count\">0<\/span>\n\t\t\t\t\t\t\t\t\t<\/div> \n\t\t\t\t\t\t\t<\/div>\n\n\t\t\t\t\t\t\t<!-- Icon Right -->     \n\t\t\t\t\t\t<\/div>\n\n\t\t\t\t\t\t<!-- Category Description -->\t\t\t\t\t\t\t\t\t\t\t<\/div>\n\n\t\t\t\t\t<!-- Section Body -->\n\t\t\t\t\t<div class=\"epkb-section-body\"  style=\"border-bottom-width: 1px; padding-top: 4px; padding-bottom: 4px; padding-left: 22px; padding-right: 4px; overflow: auto; height: 130px;\"  >\t\t\t\t\t\t\n\t\t<ul class=\"epkb-main-category epkb-articles\"  style=\"padding-left: 10px;\"  data-list-id=\"2\"> <li class=\"epkb-articles-coming-soon\">Artyku\u0142y nied\u0142ugo pojawi\u0105 si\u0119.<\/li>\n\t\t<\/ul> \n\t\t\t\t\t<\/div><!-- Section Body End -->\n\n\t\t\t\t<\/section><!-- Section End -->  \t\t\t\t\t<\/div>  \n\t\t<\/div>       \t\t\t\t<\/div>\n\t\t\t<\/div>\n\t\t<\/div>   \n\t\t<\/div>    \t\t\t<\/div>  \n\t\t\t<div id=\"epkb-ml__row-3\" data-feature=\"articles_list\" class=\"epkb-ml__row\">                \t\t<div id=\"epkb-ml__module-articles-list\" class=\"epkb-ml__module\">   \n\t\t<div id=\"epkb-ml-article-list-categories-layout\" class=\"epkb-ml-article-list-container\">   \n\t\t\t<div class=\"epkb-ml-articles-list__row\"> \n\t\t<!-- Popular Articles -->\n\t\t<section id=\"epkb-ml-popular-articles\" class=\"epkb-ml-article-section\">\n\t\t\t<div class=\"epkb-ml-article-section__head\" role=\"heading\" aria-level=\"3\">Popular Articles<\/div>\n\t\t\t<div class=\"epkb-ml-article-section__body\">\n\t\t\t\t<ul class=\"epkb-ml-articles-list\">    \t\t\t\t\t\t<li class=\"epkb-ml-articles-coming-soon\">Artyku\u0142y nied\u0142ugo pojawi\u0105 si\u0119.<\/li> \t\t\t\t<\/ul>\n\t\t\t<\/div>\n\t\t<\/section>  \n\t\t<!-- Newest Articles -->\n\t\t<section id=\"epkb-ml-newest-articles\" class=\"epkb-ml-article-section\">\n\t\t\t<div class=\"epkb-ml-article-section__head\" role=\"heading\" aria-level=\"3\">Newest Articles<\/div>\n\t\t\t<div class=\"epkb-ml-article-section__body\">\n\t\t\t\t<ul class=\"epkb-ml-articles-list\">    \t\t\t\t\t\t<li class=\"epkb-ml-articles-coming-soon\">Artyku\u0142y nied\u0142ugo pojawi\u0105 si\u0119.<\/li> \t\t\t\t<\/ul>\n\t\t\t<\/div>\n\t\t<\/section>  \n\t\t<!-- Recent Articles -->\n\t\t<section id=\"epkb-ml-recent-articles\" class=\"epkb-ml-article-section\">\n\t\t\t<div class=\"epkb-ml-article-section__head\" role=\"heading\" aria-level=\"3\">Recently Updated Articles<\/div>\n\t\t\t<div class=\"epkb-ml-article-section__body\">\n\t\t\t\t<ul class=\"epkb-ml-articles-list\">    \t\t\t\t\t\t<li class=\"epkb-ml-articles-coming-soon\">Artyku\u0142y nied\u0142ugo pojawi\u0105 si\u0119.<\/li> \t\t\t\t<\/ul>\n\t\t\t<\/div>\n\t\t<\/section>  \n\t\t\t<\/div>\n\n\t\t<\/div>        \t\t<\/div>  \t\t\t<\/div>  \t\t<\/div>   \n","protected":false},"excerpt":{"rendered":"","protected":false},"author":1,"featured_media":0,"parent":0,"menu_order":0,"comment_status":"closed","ping_status":"closed","template":"template-parts\/template-full-width.php","meta":{"footnotes":""},"class_list":["post-6","page","type-page","status-publish","hentry"],"_links":{"self":[{"href":"https:\/\/joca.pl\/index.php\/wp-json\/wp\/v2\/pages\/6","targetHints":{"allow":["GET"]}}],"collection":[{"href":"https:\/\/joca.pl\/index.php\/wp-json\/wp\/v2\/pages"}],"about":[{"href":"https:\/\/joca.pl\/index.php\/wp-json\/wp\/v2\/types\/page"}],"author":[{"embeddable":true,"href":"https:\/\/joca.pl\/index.php\/wp-json\/wp\/v2\/users\/1"}],"replies":[{"embeddable":true,"href":"https:\/\/joca.pl\/index.php\/wp-json\/wp\/v2\/comments?post=6"}],"version-history":[{"count":1,"href":"https:\/\/joca.pl\/index.php\/wp-json\/wp\/v2\/pages\/6\/revisions"}],"predecessor-version":[{"id":13,"href":"https:\/\/joca.pl\/index.php\/wp-json\/wp\/v2\/pages\/6\/revisions\/13"}],"wp:attachment":[{"href":"https:\/\/joca.pl\/index.php\/wp-json\/wp\/v2\/media?parent=6"}],"curies":[{"name":"wp","href":"https:\/\/api.w.org\/{rel}","templated":true}]}}